{"id":13353,"date":"2024-11-19T15:21:41","date_gmt":"2024-11-19T20:21:41","guid":{"rendered":"http:\/\/www.maitrecompacteur.ca\/?page_id=13353"},"modified":"2025-06-06T09:46:45","modified_gmt":"2025-06-06T14:46:45","slug":"pre-broyeurs","status":"publish","type":"page","link":"https:\/\/www.maitrecompacteur.ca\/?page_id=13353","title":{"rendered":"Compacteur avec Pr\u00e9-Compaction"},"content":{"rendered":"<div class=\"wpb-content-wrapper\"><p>[vc_row row_type=\u00a0\u00bbrow\u00a0\u00bb use_row_as_full_screen_section=\u00a0\u00bbno\u00a0\u00bb type=\u00a0\u00bbfull_width\u00a0\u00bb oblique_section=\u00a0\u00bbno\u00a0\u00bb text_align=\u00a0\u00bbcenter\u00a0\u00bb Overflow=\u00a0\u00bb\u00a0\u00bb triangle_shape=\u00a0\u00bbno\u00a0\u00bb background_color=\u00a0\u00bb#000000&Prime; side_padding=\u00a0\u00bb10%\u00a0\u00bb padding_top=\u00a0\u00bb60&Prime; padding_bottom=\u00a0\u00bb60&Prime; css_animation=\u00a0\u00bb\u00a0\u00bb overflow=\u00a0\u00bb\u00a0\u00bb][vc_column css_animation=\u00a0\u00bbbounceInRight\u00a0\u00bb width=\u00a0\u00bb3\/4&Prime; css=\u00a0\u00bb.vc_custom_1713444795021{margin-right: 0px !important;padding-top: 0px !important;padding-right: 0px !important;padding-bottom: 0px !important;padding-left: 0px !important;}\u00a0\u00bb][vc_column_text css=\u00a0\u00bb.vc_custom_1749213667808{padding-top: 15px !important;padding-right: 15px !important;padding-bottom: 15px !important;padding-left: 15px !important;}\u00a0\u00bb]<\/p>\n<h1 style=\"text-align: center;\"><span style=\"color: #ffffff;\">Compacteur avec Pr\u00e9-Compaction<br \/>\n<\/span><\/h1>\n<p>[\/vc_column_text][\/vc_column][vc_column css_animation=\u00a0\u00bbbounceInLeft\u00a0\u00bb width=\u00a0\u00bb1\/4&Prime;][vc_single_image source=\u00a0\u00bbexternal_link\u00a0\u00bb alignment=\u00a0\u00bbcenter\u00a0\u00bb css=\u00a0\u00bb.vc_custom_1731091056822{padding-left: 30px !important;}\u00a0\u00bb mkd_css_animation=\u00a0\u00bbelement_from_right\u00a0\u00bb set_shader=\u00a0\u00bbno\u00a0\u00bb set_popup=\u00a0\u00bbno\u00a0\u00bb animate_image_on_hover=\u00a0\u00bbzoom\u00a0\u00bb custom_src=\u00a0\u00bbhttp:\/\/www.maitrecompacteur.ca\/wp-content\/uploads\/2024\/08\/logo.png\u00a0\u00bb][\/vc_column][\/vc_row][vc_row row_type=\u00a0\u00bbrow\u00a0\u00bb use_row_as_full_screen_section=\u00a0\u00bbno\u00a0\u00bb type=\u00a0\u00bbfull_width\u00a0\u00bb anchor=\u00a0\u00bbLocation\u00a0\u00bb oblique_section=\u00a0\u00bbno\u00a0\u00bb text_align=\u00a0\u00bbleft\u00a0\u00bb Overflow=\u00a0\u00bb\u00a0\u00bb triangle_shape=\u00a0\u00bbno\u00a0\u00bb background_color=\u00a0\u00bb#ffffff\u00a0\u00bb side_padding=\u00a0\u00bb10%\u00a0\u00bb padding_top=\u00a0\u00bb20&Prime; padding_bottom=\u00a0\u00bb20&Prime; css_animation=\u00a0\u00bbelement_from_top\u00a0\u00bb overflow=\u00a0\u00bb\u00a0\u00bb][vc_column css_animation=\u00a0\u00bbfadeInRightBig\u00a0\u00bb width=\u00a0\u00bb1\/2&Prime; css=\u00a0\u00bb.vc_custom_1731091068050{padding-bottom: 10px !important;}\u00a0\u00bb][vc_single_image source=\u00a0\u00bbexternal_link\u00a0\u00bb external_img_size=\u00a0\u00bbmedium\u00a0\u00bb alignment=\u00a0\u00bbcenter\u00a0\u00bb css=\u00a0\u00bb\u00a0\u00bb mkd_css_animation=\u00a0\u00bb\u00a0\u00bb set_shader=\u00a0\u00bbno\u00a0\u00bb set_popup=\u00a0\u00bbno\u00a0\u00bb animate_image_on_hover=\u00a0\u00bbno\u00a0\u00bb custom_src=\u00a0\u00bbhttps:\/\/www.marathonequipment.com\/wp-content\/uploads\/2021\/12\/trash-compactor-pre-crushers.png\u00a0\u00bb][\/vc_column][vc_column width=\u00a0\u00bb1\/2&Prime; css=\u00a0\u00bb.vc_custom_1732048323769{margin-top: 50px !important;}\u00a0\u00bb][vc_column_text css=\u00a0\u00bb\u00a0\u00bb]<span style=\"color: #000000;\">R\u00e9duisez vos co\u00fbts d&rsquo;\u00e9limination gr\u00e2ce aux Compacteur avec Pr\u00e9-Compaction de Ma\u00eetre Compacteur. Id\u00e9als pour les d\u00e9chets volumineux et difficiles \u00e0 manipuler, ils pr\u00e9-\u00e9crasent les mat\u00e9riaux avant compactage, optimisant ainsi le volume et les charges utiles.<\/span><\/p>\n<p>&nbsp;<\/p>\n<p><span style=\"color: #000000;\">Contactez-nous pour en savoir plus et d\u00e9couvrir comment nos solutions peuvent r\u00e9pondre \u00e0 vos besoins..<\/span>[\/vc_column_text][\/vc_column][\/vc_row][vc_row row_type=\u00a0\u00bbrow\u00a0\u00bb use_row_as_full_screen_section=\u00a0\u00bbno\u00a0\u00bb type=\u00a0\u00bbfull_width\u00a0\u00bb anchor=\u00a0\u00bbcontact\u00a0\u00bb oblique_section=\u00a0\u00bbno\u00a0\u00bb text_align=\u00a0\u00bbleft\u00a0\u00bb Overflow=\u00a0\u00bb\u00a0\u00bb triangle_shape=\u00a0\u00bbno\u00a0\u00bb background_color=\u00a0\u00bb#1e73be\u00a0\u00bb side_padding=\u00a0\u00bb10%\u00a0\u00bb padding_top=\u00a0\u00bb10&Prime; padding_bottom=\u00a0\u00bb10&Prime; css_animation=\u00a0\u00bb\u00a0\u00bb overflow=\u00a0\u00bb\u00a0\u00bb][vc_column css_animation=\u00a0\u00bbslideInLeft\u00a0\u00bb width=\u00a0\u00bb1\/2&Prime; css=\u00a0\u00bb.vc_custom_1712606327332{border-right-width: 5px !important;border-right-color: #ffffff !important;}\u00a0\u00bb][vc_single_image image=\u00a0\u00bb13460&Prime; img_size=\u00a0\u00bblarge\u00a0\u00bb alignment=\u00a0\u00bbcenter\u00a0\u00bb css=\u00a0\u00bb\u00a0\u00bb mkd_css_animation=\u00a0\u00bb\u00a0\u00bb set_shader=\u00a0\u00bbno\u00a0\u00bb set_popup=\u00a0\u00bbno\u00a0\u00bb animate_image_on_hover=\u00a0\u00bbno\u00a0\u00bb][\/vc_column][vc_column width=\u00a0\u00bb1\/2&Prime;][vc_column_text css=\u00a0\u00bb.vc_custom_1710511400117{padding-top: 10px !important;padding-bottom: 10px !important;}\u00a0\u00bb]<\/p>\n<h2 style=\"text-align: center;\"><span style=\"color: #ffffff;\">Contactez-Nous<\/span><\/h2>\n<p>[\/vc_column_text]\n<div class=\"wpcf7 no-js\" id=\"wpcf7-f21-o1\" lang=\"fr-FR\" dir=\"ltr\" data-wpcf7-id=\"21\">\n<div class=\"screen-reader-response\"><p role=\"status\" aria-live=\"polite\" aria-atomic=\"true\"><\/p> <ul><\/ul><\/div>\n<form action=\"\/index.php?rest_route=%2Fwp%2Fv2%2Fpages%2F13353#wpcf7-f21-o1\" method=\"post\" class=\"wpcf7-form init cf7_custom_style_1\" aria-label=\"Contact form\" novalidate=\"novalidate\" data-status=\"init\">\n<fieldset class=\"hidden-fields-container\"><input type=\"hidden\" name=\"_wpcf7\" value=\"21\" \/><input type=\"hidden\" name=\"_wpcf7_version\" value=\"6.1.5\" \/><input type=\"hidden\" name=\"_wpcf7_locale\" value=\"fr_FR\" \/><input type=\"hidden\" name=\"_wpcf7_unit_tag\" value=\"wpcf7-f21-o1\" \/><input type=\"hidden\" name=\"_wpcf7_container_post\" value=\"0\" \/><input type=\"hidden\" name=\"_wpcf7_posted_data_hash\" value=\"\" \/><input type=\"hidden\" name=\"_wpcf7_recaptcha_response\" value=\"\" \/>\n<\/fieldset>\n<p><label> Votre nom<br \/>\n<span class=\"wpcf7-form-control-wrap\" data-name=\"your-name\"><input size=\"40\" maxlength=\"400\" class=\"wpcf7-form-control wpcf7-text wpcf7-validates-as-required\" aria-required=\"true\" aria-invalid=\"false\" value=\"\" type=\"text\" name=\"your-name\" \/><\/span> <\/label>\n<\/p>\n<p><label> Votre entreprise<br \/>\n<span class=\"wpcf7-form-control-wrap\" data-name=\"your-company\"><input size=\"40\" maxlength=\"400\" class=\"wpcf7-form-control wpcf7-text wpcf7-validates-as-required\" aria-required=\"true\" aria-invalid=\"false\" value=\"\" type=\"text\" name=\"your-company\" \/><\/span> <\/label>\n<\/p>\n<p><label> Votre adresse courriel<br \/>\n<span class=\"wpcf7-form-control-wrap\" data-name=\"your-email\"><input size=\"40\" maxlength=\"400\" class=\"wpcf7-form-control wpcf7-email wpcf7-validates-as-required wpcf7-text wpcf7-validates-as-email\" aria-required=\"true\" aria-invalid=\"false\" value=\"\" type=\"email\" name=\"your-email\" \/><\/span> <\/label>\n<\/p>\n<p><label> Sujet<br \/>\n<span class=\"wpcf7-form-control-wrap\" data-name=\"your-subject\"><input size=\"40\" maxlength=\"400\" class=\"wpcf7-form-control wpcf7-text\" aria-invalid=\"false\" value=\"\" type=\"text\" name=\"your-subject\" \/><\/span> <\/label>\n<\/p>\n<p><label> Votre Message<br \/>\n<span class=\"wpcf7-form-control-wrap\" data-name=\"your-message\"><textarea cols=\"40\" rows=\"10\" maxlength=\"2000\" class=\"wpcf7-form-control wpcf7-textarea wpcf7-validates-as-required\" aria-required=\"true\" aria-invalid=\"false\" name=\"your-message\"><\/textarea><\/span> <\/label>\n<\/p>\n<p><input class=\"wpcf7-form-control wpcf7-submit has-spinner\" type=\"submit\" value=\"ENVOYER\" \/>\n<\/p><div class=\"wpcf7-response-output\" aria-hidden=\"true\"><\/div>\n<\/form>\n<\/div>\n[\/vc_column][\/vc_row]<\/p>\n<\/div>","protected":false},"excerpt":{"rendered":"<p>[vc_row row_type=\u00a0\u00bbrow\u00a0\u00bb use_row_as_full_screen_section=\u00a0\u00bbno\u00a0\u00bb type=\u00a0\u00bbfull_width\u00a0\u00bb oblique_section=\u00a0\u00bbno\u00a0\u00bb text_align=\u00a0\u00bbcenter\u00a0\u00bb Overflow=\u00a0\u00bb\u00a0\u00bb triangle_shape=\u00a0\u00bbno\u00a0\u00bb background_color=\u00a0\u00bb#000000&Prime; side_padding=\u00a0\u00bb10%\u00a0\u00bb padding_top=\u00a0\u00bb60&Prime; padding_bottom=\u00a0\u00bb60&Prime; css_animation=\u00a0\u00bb\u00a0\u00bb overflow=\u00a0\u00bb\u00a0\u00bb][vc_column css_animation=\u00a0\u00bbbounceInRight\u00a0\u00bb width=\u00a0\u00bb3\/4&Prime; css=\u00a0\u00bb.vc_custom_1713444795021{margin-right: 0px !important;padding-top: 0px !important;padding-right: 0px !important;padding-bottom: 0px !important;padding-left: 0px !important;}\u00a0\u00bb][vc_column_text css=\u00a0\u00bb.vc_custom_1749213667808{padding-top: 15px !important;padding-right: 15px !important;padding-bottom: 15px !important;padding-left: 15px !important;}\u00a0\u00bb] Compacteur avec Pr\u00e9-Compaction [\/vc_column_text][\/vc_column][vc_column css_animation=\u00a0\u00bbbounceInLeft\u00a0\u00bb width=\u00a0\u00bb1\/4&Prime;][vc_single_image source=\u00a0\u00bbexternal_link\u00a0\u00bb alignment=\u00a0\u00bbcenter\u00a0\u00bb css=\u00a0\u00bb.vc_custom_1731091056822{padding-left:&#8230;<\/p>\n","protected":false},"author":1,"featured_media":0,"parent":0,"menu_order":0,"comment_status":"closed","ping_status":"closed","template":"full_width.php","meta":{"footnotes":""},"class_list":["post-13353","page","type-page","status-publish","hentry"],"_links":{"self":[{"href":"https:\/\/www.maitrecompacteur.ca\/index.php?rest_route=\/wp\/v2\/pages\/13353","targetHints":{"allow":["GET"]}}],"collection":[{"href":"https:\/\/www.maitrecompacteur.ca\/index.php?rest_route=\/wp\/v2\/pages"}],"about":[{"href":"https:\/\/www.maitrecompacteur.ca\/index.php?rest_route=\/wp\/v2\/types\/page"}],"author":[{"embeddable":true,"href":"https:\/\/www.maitrecompacteur.ca\/index.php?rest_route=\/wp\/v2\/users\/1"}],"replies":[{"embeddable":true,"href":"https:\/\/www.maitrecompacteur.ca\/index.php?rest_route=%2Fwp%2Fv2%2Fcomments&post=13353"}],"version-history":[{"count":21,"href":"https:\/\/www.maitrecompacteur.ca\/index.php?rest_route=\/wp\/v2\/pages\/13353\/revisions"}],"predecessor-version":[{"id":13602,"href":"https:\/\/www.maitrecompacteur.ca\/index.php?rest_route=\/wp\/v2\/pages\/13353\/revisions\/13602"}],"wp:attachment":[{"href":"https:\/\/www.maitrecompacteur.ca\/index.php?rest_route=%2Fwp%2Fv2%2Fmedia&parent=13353"}],"curies":[{"name":"wp","href":"https:\/\/api.w.org\/{rel}","templated":true}]}}