{"id":13411,"date":"2024-12-17T11:29:50","date_gmt":"2024-12-17T16:29:50","guid":{"rendered":"https:\/\/www.maitrecompacteur.ca\/?page_id=13411"},"modified":"2025-01-16T14:28:51","modified_gmt":"2025-01-16T19:28:51","slug":"maitre-compacteur-inc-2","status":"publish","type":"page","link":"https:\/\/www.maitrecompacteur.ca\/","title":{"rendered":"Maitre Compacteur Inc."},"content":{"rendered":"<div class=\"wpb-content-wrapper\"><p>[vc_row row_type=\u00a0\u00bbrow\u00a0\u00bb use_row_as_full_screen_section=\u00a0\u00bbno\u00a0\u00bb type=\u00a0\u00bbfull_width\u00a0\u00bb oblique_section=\u00a0\u00bbno\u00a0\u00bb text_align=\u00a0\u00bbcenter\u00a0\u00bb Overflow=\u00a0\u00bb\u00a0\u00bb triangle_shape=\u00a0\u00bbno\u00a0\u00bb side_padding=\u00a0\u00bb10%\u00a0\u00bb padding_top=\u00a0\u00bb0&Prime; padding_bottom=\u00a0\u00bb10&Prime; css_animation=\u00a0\u00bbelement_from_left\u00a0\u00bb overflow=\u00a0\u00bb\u00a0\u00bb][vc_column css_animation=\u00a0\u00bbfadeInUpBig\u00a0\u00bb css=\u00a0\u00bb.vc_custom_1734454962884{margin-right: 0px !important;padding-top: 0px !important;padding-right: 0px !important;padding-bottom: 0px !important;padding-left: 0px !important;}\u00a0\u00bb][vc_column_text css=\u00a0\u00bb.vc_custom_1734543201732{padding-top: 15px !important;padding-right: 15px !important;padding-bottom: 15px !important;padding-left: 15px !important;}\u00a0\u00bb]<\/p>\n<h2 style=\"text-align: center;\"><img loading=\"lazy\" decoding=\"async\" class=\"aligncenter wp-image-13460 size-large\" src=\"http:\/\/www.maitrecompacteur.ca\/wp-content\/uploads\/2024\/12\/logo-1-1024x411.png\" alt=\"\" width=\"1024\" height=\"411\" srcset=\"https:\/\/www.maitrecompacteur.ca\/wp-content\/uploads\/2024\/12\/logo-1-1024x411.png 1024w, https:\/\/www.maitrecompacteur.ca\/wp-content\/uploads\/2024\/12\/logo-1-300x121.png 300w, https:\/\/www.maitrecompacteur.ca\/wp-content\/uploads\/2024\/12\/logo-1-768x309.png 768w, https:\/\/www.maitrecompacteur.ca\/wp-content\/uploads\/2024\/12\/logo-1-1536x617.png 1536w, https:\/\/www.maitrecompacteur.ca\/wp-content\/uploads\/2024\/12\/logo-1-700x281.png 700w, https:\/\/www.maitrecompacteur.ca\/wp-content\/uploads\/2024\/12\/logo-1-600x241.png 600w, https:\/\/www.maitrecompacteur.ca\/wp-content\/uploads\/2024\/12\/logo-1.png 2016w\" sizes=\"auto, (max-width: 1024px) 100vw, 1024px\" \/><\/h2>\n<div style=\"text-align: center;\">\n<div style=\"text-align: center;\">\n<div>\n<h3 data-fontsize=\"18\" data-lineheight=\"28\"><span style=\"color: #00628b;\"><img loading=\"lazy\" decoding=\"async\" class=\"aligncenter wp-image-13455\" src=\"http:\/\/www.maitrecompacteur.ca\/wp-content\/uploads\/2024\/12\/slogan-3-300x42.png\" alt=\"\" width=\"500\" height=\"69\" srcset=\"https:\/\/www.maitrecompacteur.ca\/wp-content\/uploads\/2024\/12\/slogan-3-300x42.png 300w, https:\/\/www.maitrecompacteur.ca\/wp-content\/uploads\/2024\/12\/slogan-3-1024x142.png 1024w, https:\/\/www.maitrecompacteur.ca\/wp-content\/uploads\/2024\/12\/slogan-3-768x107.png 768w, https:\/\/www.maitrecompacteur.ca\/wp-content\/uploads\/2024\/12\/slogan-3-1536x213.png 1536w, https:\/\/www.maitrecompacteur.ca\/wp-content\/uploads\/2024\/12\/slogan-3-700x97.png 700w, https:\/\/www.maitrecompacteur.ca\/wp-content\/uploads\/2024\/12\/slogan-3-600x83.png 600w, https:\/\/www.maitrecompacteur.ca\/wp-content\/uploads\/2024\/12\/slogan-3.png 1600w\" sizes=\"auto, (max-width: 500px) 100vw, 500px\" \/><\/span><\/h3>\n<h3 data-fontsize=\"18\" data-lineheight=\"20\"><span style=\"color: #1a7aac;\">LE CHOIX LOGIQUE DEPUIS 1990<\/span><\/h3>\n<\/div>\n<\/div>\n<div style=\"text-align: left;\">\n<h2 style=\"text-align: center;\"><strong>VENTE &amp; LOCATION D&rsquo;\u00c9QUIPEMENTS<\/strong><\/h2>\n<\/div>\n<\/div>\n<p>[\/vc_column_text][\/vc_column][\/vc_row][vc_row row_type=\u00a0\u00bbparallax\u00a0\u00bb type=\u00a0\u00bbfull_width\u00a0\u00bb text_align=\u00a0\u00bbcenter\u00a0\u00bb triangle_shape=\u00a0\u00bbno\u00a0\u00bb background_image=\u00a0\u00bb13314&Prime; full_screen_section_height=\u00a0\u00bbno\u00a0\u00bb section_height=\u00a0\u00bb480&Prime; zoom_effect=\u00a0\u00bbno\u00a0\u00bb overflow=\u00a0\u00bb\u00a0\u00bb][vc_column css_animation=\u00a0\u00bbbounceIn\u00a0\u00bb css=\u00a0\u00bb.vc_custom_1734452268297{margin-top: 30px !important;margin-bottom: 30px !important;padding-top: 10px !important;}\u00a0\u00bb][\/vc_column][\/vc_row][vc_row row_type=\u00a0\u00bbrow\u00a0\u00bb use_row_as_full_screen_section=\u00a0\u00bbno\u00a0\u00bb type=\u00a0\u00bbfull_width\u00a0\u00bb oblique_section=\u00a0\u00bbno\u00a0\u00bb text_align=\u00a0\u00bbcenter\u00a0\u00bb Overflow=\u00a0\u00bb\u00a0\u00bb triangle_shape=\u00a0\u00bbno\u00a0\u00bb side_padding=\u00a0\u00bb20&Prime; padding_top=\u00a0\u00bb20&Prime; padding_bottom=\u00a0\u00bb20&Prime; css_animation=\u00a0\u00bbelement_from_left\u00a0\u00bb overflow=\u00a0\u00bb\u00a0\u00bb box_shadow_on_row=\u00a0\u00bbno\u00a0\u00bb][vc_column css=\u00a0\u00bb.vc_custom_1734538713570{padding-top: 10px !important;padding-bottom: 10px !important;}\u00a0\u00bb][vc_column_text css=\u00a0\u00bb\u00a0\u00bb]<\/p>\n<h2><strong>Votre partenaire en gestion de mati\u00e8res r\u00e9siduelles<\/strong><\/h2>\n<p>[\/vc_column_text][vc_column_text css=\u00a0\u00bb.vc_custom_1734541469277{padding-top: 30px !important;}\u00a0\u00bb]<\/p>\n<p style=\"text-align: center;\">Ma\u00eetre Compacteur Inc. simplifie la gestion de vos mati\u00e8res r\u00e9siduelles gr\u00e2ce \u00e0 des solutions adapt\u00e9es \u00e0 vos besoins sp\u00e9cifiques. Nous concevons des projets sur mesure pour r\u00e9pondre aux exigences uniques de votre entreprise. Vous pouvez compter sur notre expertise pour un service d&rsquo;installation et d&rsquo;entretien de qualit\u00e9 sup\u00e9rieure.<\/p>\n<p>[\/vc_column_text][\/vc_column][\/vc_row][vc_row row_type=\u00a0\u00bbrow\u00a0\u00bb use_row_as_full_screen_section=\u00a0\u00bbno\u00a0\u00bb type=\u00a0\u00bbfull_width\u00a0\u00bb oblique_section=\u00a0\u00bbno\u00a0\u00bb text_align=\u00a0\u00bbcenter\u00a0\u00bb Overflow=\u00a0\u00bb\u00a0\u00bb triangle_shape=\u00a0\u00bbno\u00a0\u00bb background_color=\u00a0\u00bb#333333&Prime; side_padding=\u00a0\u00bb15%\u00a0\u00bb padding_top=\u00a0\u00bb15&Prime; padding_bottom=\u00a0\u00bb15&Prime; css_animation=\u00a0\u00bb\u00a0\u00bb overflow=\u00a0\u00bb\u00a0\u00bb][vc_column css_animation=\u00a0\u00bbbounceInRight\u00a0\u00bb][vc_column_text css=\u00a0\u00bb\u00a0\u00bb]<\/p>\n<h2 data-fontsize=\"30\" data-lineheight=\"40\"><span style=\"color: #ffffff;\">Besoin d\u2019une estimation ?<\/span><\/h2>\n<p>[\/vc_column_text]<a href=\"mailto:contact@maitrecompacteur.ca\" target=\"_self\" data-hover-background-color=#44C2E2 data-hover-border-color=#000000 data-hover-color=#000000  class=\"qbutton  big_large_full_width move_icon qbutton_with_icon icon_right\" style=\"color: #FFFFFF; border-color: #000000; background-color: #1B446C;\">Demande de Soumission<i class=\"mkd_icon_font_awesome fa fa-calculator button_icon\" style=\"width: auto\" ><\/i><\/a>[\/vc_column][\/vc_row][vc_row row_type=\u00a0\u00bbrow\u00a0\u00bb use_row_as_full_screen_section=\u00a0\u00bbno\u00a0\u00bb type=\u00a0\u00bbfull_width\u00a0\u00bb oblique_section=\u00a0\u00bbno\u00a0\u00bb text_align=\u00a0\u00bbcenter\u00a0\u00bb Overflow=\u00a0\u00bb\u00a0\u00bb triangle_shape=\u00a0\u00bbno\u00a0\u00bb side_padding=\u00a0\u00bb15%\u00a0\u00bb padding_top=\u00a0\u00bb15&Prime; padding_bottom=\u00a0\u00bb15&Prime; css_animation=\u00a0\u00bb\u00a0\u00bb overflow=\u00a0\u00bb\u00a0\u00bb][vc_column css_animation=\u00a0\u00bbbounceInUp\u00a0\u00bb][vc_column_text css=\u00a0\u00bb.vc_custom_1734542814401{margin-bottom: 15px !important;}\u00a0\u00bb]<\/p>\n<h2><strong>Nos Services<\/strong><\/h2>\n<p>[\/vc_column_text][\/vc_column][vc_column width=\u00a0\u00bb1\/2&Prime;][vc_single_image image=\u00a0\u00bb13544&Prime; img_size=\u00a0\u00bblarge\u00a0\u00bb css=\u00a0\u00bb\u00a0\u00bb mkd_css_animation=\u00a0\u00bb\u00a0\u00bb set_shader=\u00a0\u00bbno\u00a0\u00bb set_popup=\u00a0\u00bbno\u00a0\u00bb animate_image_on_hover=\u00a0\u00bbno\u00a0\u00bb][\/vc_column][vc_column width=\u00a0\u00bb1\/2&Prime;][vc_column_text css=\u00a0\u00bb.vc_custom_1734543581206{margin-top: 10px !important;margin-right: 10px !important;margin-bottom: 10px !important;margin-left: 10px !important;border-top-width: 2px !important;border-right-width: 2px !important;border-bottom-width: 2px !important;border-left-width: 2px !important;padding-bottom: 10px !important;background-color: #FFFFFF !important;border-left-style: solid !important;border-right-style: solid !important;border-top-style: solid !important;border-bottom-style: solid !important;border-color: #1B446C !important;}\u00a0\u00bb]<\/p>\n<h6>Programme d&rsquo;entretien pr\u00e9ventif<\/h6>\n<p>[\/vc_column_text][vc_column_text css=\u00a0\u00bb.vc_custom_1734543587376{margin-top: 10px !important;margin-right: 10px !important;margin-bottom: 10px !important;margin-left: 10px !important;border-top-width: 2px !important;border-right-width: 2px !important;border-bottom-width: 2px !important;border-left-width: 2px !important;padding-bottom: 10px !important;background-color: #FFFFFF !important;border-left-style: solid !important;border-right-style: solid !important;border-top-style: solid !important;border-bottom-style: solid !important;border-color: #1B446C !important;}\u00a0\u00bb]<\/p>\n<h6>R\u00e9paration d\u2019urgence<\/h6>\n<p>[\/vc_column_text][vc_column_text css=\u00a0\u00bb.vc_custom_1734543594732{margin-top: 10px !important;margin-right: 10px !important;margin-bottom: 10px !important;margin-left: 10px !important;border-top-width: 2px !important;border-right-width: 2px !important;border-bottom-width: 2px !important;border-left-width: 2px !important;padding-bottom: 10px !important;background-color: #FFFFFF !important;border-left-style: solid !important;border-right-style: solid !important;border-top-style: solid !important;border-bottom-style: solid !important;border-color: #1B446C !important;}\u00a0\u00bb]<\/p>\n<h6>Conception sur mesure<\/h6>\n<p>[\/vc_column_text][\/vc_column][vc_column][\/vc_column][\/vc_row][vc_row row_type=\u00a0\u00bbrow\u00a0\u00bb use_row_as_full_screen_section=\u00a0\u00bbno\u00a0\u00bb type=\u00a0\u00bbfull_width\u00a0\u00bb oblique_section=\u00a0\u00bbno\u00a0\u00bb text_align=\u00a0\u00bbright\u00a0\u00bb Overflow=\u00a0\u00bb\u00a0\u00bb triangle_shape=\u00a0\u00bbno\u00a0\u00bb background_color=\u00a0\u00bb#2222222B\u00a0\u00bb side_padding=\u00a0\u00bb15%\u00a0\u00bb padding_top=\u00a0\u00bb5&Prime; padding_bottom=\u00a0\u00bb5&Prime; css_animation=\u00a0\u00bb\u00a0\u00bb overflow=\u00a0\u00bb\u00a0\u00bb][vc_column css=\u00a0\u00bb.vc_custom_1734545824024{padding-top: 10px !important;}\u00a0\u00bb][vc_column_text css=\u00a0\u00bb\u00a0\u00bb]<\/p>\n<h4 style=\"padding-left: 40px; text-align: center;\"><span style=\"color: #000000;\">Commande de Broche<\/span><\/h4>\n<p>[\/vc_column_text][\/vc_column][vc_column width=\u00a0\u00bb1\/2&Prime;][vc_single_image image=\u00a0\u00bb13578&Prime; img_size=\u00a0\u00bblarge\u00a0\u00bb alignment=\u00a0\u00bbcenter\u00a0\u00bb css=\u00a0\u00bb\u00a0\u00bb mkd_css_animation=\u00a0\u00bbelement_from_fade\u00a0\u00bb set_shader=\u00a0\u00bbno\u00a0\u00bb set_popup=\u00a0\u00bbno\u00a0\u00bb animate_image_on_hover=\u00a0\u00bbno\u00a0\u00bb][\/vc_column][vc_column width=\u00a0\u00bb1\/2&Prime;][vc_single_image image=\u00a0\u00bb13577&Prime; img_size=\u00a0\u00bblarge\u00a0\u00bb alignment=\u00a0\u00bbcenter\u00a0\u00bb css=\u00a0\u00bb\u00a0\u00bb mkd_css_animation=\u00a0\u00bbelement_from_fade\u00a0\u00bb set_shader=\u00a0\u00bbno\u00a0\u00bb set_popup=\u00a0\u00bbno\u00a0\u00bb animate_image_on_hover=\u00a0\u00bbno\u00a0\u00bb][\/vc_column][\/vc_row][vc_row row_type=\u00a0\u00bbrow\u00a0\u00bb use_row_as_full_screen_section=\u00a0\u00bbno\u00a0\u00bb type=\u00a0\u00bbfull_width\u00a0\u00bb oblique_section=\u00a0\u00bbno\u00a0\u00bb text_align=\u00a0\u00bbright\u00a0\u00bb Overflow=\u00a0\u00bb\u00a0\u00bb triangle_shape=\u00a0\u00bbno\u00a0\u00bb background_color=\u00a0\u00bb#44444482&Prime; side_padding=\u00a0\u00bb15%\u00a0\u00bb padding_top=\u00a0\u00bb5&Prime; padding_bottom=\u00a0\u00bb5&Prime; css_animation=\u00a0\u00bb\u00a0\u00bb overflow=\u00a0\u00bb\u00a0\u00bb][vc_column width=\u00a0\u00bb2\/3&Prime; css=\u00a0\u00bb.vc_custom_1734545824024{padding-top: 10px !important;}\u00a0\u00bb][vc_column_text css=\u00a0\u00bb\u00a0\u00bb]<\/p>\n<h4 style=\"text-align: right;\"><\/h4>\n<h4 style=\"padding-left: 40px; text-align: right;\"><span style=\"color: #000000;\">Distributeur des \u00e9quipements Marathon<\/span><\/h4>\n<p>[\/vc_column_text][\/vc_column][vc_column width=\u00a0\u00bb1\/3&Prime;][vc_column_text css=\u00a0\u00bb\u00a0\u00bb]<img loading=\"lazy\" decoding=\"async\" class=\"wp-image-13549 alignleft\" src=\"http:\/\/www.maitrecompacteur.ca\/wp-content\/uploads\/2024\/12\/marathon-equipment-company-logo-vector-300x160.png\" alt=\"\" width=\"150\" height=\"80\" srcset=\"https:\/\/www.maitrecompacteur.ca\/wp-content\/uploads\/2024\/12\/marathon-equipment-company-logo-vector-300x160.png 300w, https:\/\/www.maitrecompacteur.ca\/wp-content\/uploads\/2024\/12\/marathon-equipment-company-logo-vector-1024x547.png 1024w, https:\/\/www.maitrecompacteur.ca\/wp-content\/uploads\/2024\/12\/marathon-equipment-company-logo-vector-768x410.png 768w, https:\/\/www.maitrecompacteur.ca\/wp-content\/uploads\/2024\/12\/marathon-equipment-company-logo-vector-1536x820.png 1536w, https:\/\/www.maitrecompacteur.ca\/wp-content\/uploads\/2024\/12\/marathon-equipment-company-logo-vector-2048x1093.png 2048w, https:\/\/www.maitrecompacteur.ca\/wp-content\/uploads\/2024\/12\/marathon-equipment-company-logo-vector-700x374.png 700w, https:\/\/www.maitrecompacteur.ca\/wp-content\/uploads\/2024\/12\/marathon-equipment-company-logo-vector-600x320.png 600w\" sizes=\"auto, (max-width: 150px) 100vw, 150px\" \/>[\/vc_column_text][\/vc_column][\/vc_row]<\/p>\n<\/div>","protected":false},"excerpt":{"rendered":"<p>[vc_row row_type=\u00a0\u00bbrow\u00a0\u00bb use_row_as_full_screen_section=\u00a0\u00bbno\u00a0\u00bb type=\u00a0\u00bbfull_width\u00a0\u00bb oblique_section=\u00a0\u00bbno\u00a0\u00bb text_align=\u00a0\u00bbcenter\u00a0\u00bb Overflow=\u00a0\u00bb\u00a0\u00bb triangle_shape=\u00a0\u00bbno\u00a0\u00bb side_padding=\u00a0\u00bb10%\u00a0\u00bb padding_top=\u00a0\u00bb0&Prime; padding_bottom=\u00a0\u00bb10&Prime; css_animation=\u00a0\u00bbelement_from_left\u00a0\u00bb overflow=\u00a0\u00bb\u00a0\u00bb][vc_column css_animation=\u00a0\u00bbfadeInUpBig\u00a0\u00bb css=\u00a0\u00bb.vc_custom_1734454962884{margin-right: 0px !important;padding-top: 0px !important;padding-right: 0px !important;padding-bottom: 0px !important;padding-left: 0px !important;}\u00a0\u00bb][vc_column_text css=\u00a0\u00bb.vc_custom_1734543201732{padding-top: 15px !important;padding-right: 15px !important;padding-bottom: 15px !important;padding-left: 15px !important;}\u00a0\u00bb] LE CHOIX LOGIQUE DEPUIS 1990 VENTE &amp; LOCATION D&rsquo;\u00c9QUIPEMENTS [\/vc_column_text][\/vc_column][\/vc_row][vc_row row_type=\u00a0\u00bbparallax\u00a0\u00bb&#8230;<\/p>\n","protected":false},"author":1,"featured_media":0,"parent":0,"menu_order":0,"comment_status":"closed","ping_status":"closed","template":"full_width.php","meta":{"footnotes":""},"class_list":["post-13411","page","type-page","status-publish","hentry"],"_links":{"self":[{"href":"https:\/\/www.maitrecompacteur.ca\/index.php?rest_route=\/wp\/v2\/pages\/13411","targetHints":{"allow":["GET"]}}],"collection":[{"href":"https:\/\/www.maitrecompacteur.ca\/index.php?rest_route=\/wp\/v2\/pages"}],"about":[{"href":"https:\/\/www.maitrecompacteur.ca\/index.php?rest_route=\/wp\/v2\/types\/page"}],"author":[{"embeddable":true,"href":"https:\/\/www.maitrecompacteur.ca\/index.php?rest_route=\/wp\/v2\/users\/1"}],"replies":[{"embeddable":true,"href":"https:\/\/www.maitrecompacteur.ca\/index.php?rest_route=%2Fwp%2Fv2%2Fcomments&post=13411"}],"version-history":[{"count":136,"href":"https:\/\/www.maitrecompacteur.ca\/index.php?rest_route=\/wp\/v2\/pages\/13411\/revisions"}],"predecessor-version":[{"id":13580,"href":"https:\/\/www.maitrecompacteur.ca\/index.php?rest_route=\/wp\/v2\/pages\/13411\/revisions\/13580"}],"wp:attachment":[{"href":"https:\/\/www.maitrecompacteur.ca\/index.php?rest_route=%2Fwp%2Fv2%2Fmedia&parent=13411"}],"curies":[{"name":"wp","href":"https:\/\/api.w.org\/{rel}","templated":true}]}}